{"id":9992,"date":"2020-10-07T11:28:02","date_gmt":"2020-10-07T09:28:02","guid":{"rendered":"https:\/\/www.apf.ruhr-uni-bochum.de\/?page_id=9992"},"modified":"2025-09-05T12:53:21","modified_gmt":"2025-09-05T10:53:21","slug":"experience-of-uncertainty-and-coping-strategies-in-the-entrepreneurial-context","status":"publish","type":"page","link":"https:\/\/www.apf.ruhr-uni-bochum.de\/en\/experience-of-uncertainty-and-coping-strategies-in-the-entrepreneurial-context\/","title":{"rendered":"Experience of uncertainty and coping strategies in an entrepreneurial context"},"content":{"rendered":"\t\t<div data-elementor-type=\"wp-page\" data-elementor-id=\"9992\" class=\"elementor elementor-9992 elementor-2306\">\n\t\t\t\t\t\t<section class=\"elementor-section elementor-top-section elementor-element elementor-element-54960ee elementor-section-boxed elementor-section-height-default elementor-section-height-default\" data-id=\"54960ee\" data-element_type=\"section\" data-e-type=\"section\">\n\t\t\t\t\t\t<div class=\"elementor-container elementor-column-gap-default\">\n\t\t\t\t\t<div class=\"elementor-column elementor-col-100 elementor-top-column elementor-element elementor-element-475c064\" data-id=\"475c064\" data-element_type=\"column\" data-e-type=\"column\">\n\t\t\t<div class=\"elementor-widget-wrap elementor-element-populated\">\n\t\t\t\t\t\t<div class=\"elementor-element elementor-element-1264580 elementor-widget elementor-widget-text-editor\" data-id=\"1264580\" data-element_type=\"widget\" data-e-type=\"widget\" data-widget_type=\"text-editor.default\">\n\t\t\t\t<div class=\"elementor-widget-container\">\n\t\t\t\t\t\t\t\t\t<p>\n<table id=\"tablepress-55\" class=\"tablepress tablepress-id-55 tablepress-responsive\">\n<tbody class=\"row-striping row-hover\">\n<tr class=\"row-1\">\n\t<td class=\"column-1\"><strong>Dozenten:<\/strong><\/td><td class=\"column-2\"><a href=\"\/team\/lupp-2\/\" >Daniel Lupp<\/a><\/td>\n<\/tr>\n<tr class=\"row-2\">\n\t<td class=\"column-1\"><strong>Informationen:<\/strong><\/td><td class=\"column-2\">            <ul><li>Wird als Winter School jeweils im Wintersemester angeboten<\/li><li>Max. 30 Studierende<\/li><\/ul><\/td>\n<\/tr>\n<tr class=\"row-3\">\n\t<td class=\"column-1\"><strong>Termine:<\/strong><\/td><td class=\"column-2\">            <ul><li>25.11.2024, 09:00 \u2013 17 Uhr (Seminar)<\/li><br \/>\n<li>26.11.2024, 09:00 \u2013 17 Uhr (Seminar und Gr\u00fcndertalk)<\/li><br \/>\n<li>27.11.2024, 09:00 \u2013 17 Uhr (Selbsterfahrung)<\/li><br \/>\n<li>19.12.2024, 09:00 \u2013 17 Uhr (Pr\u00e4sentation)<\/li><br \/>\n<li>08.01.2025, 23:59 Uhr (Abgabe Hausarbeit)<\/li><\/ul><\/td>\n<\/tr>\n<tr class=\"row-4\">\n\t<td class=\"column-1\"><strong>Anmeldung:<\/strong><\/td><td class=\"column-2\">Die Bewerbung f\u00fcr den n\u00e4chsten Durchlauf ist jederzeit m\u00f6glich und erfolgt \u00fcber eine Mail an  <a href=\"mailto:daniel.lupp@rub.de\">Daniel.Lupp@rub.de<\/a> unter der Angabe von:<br \/>\n<ul><li><strong>Name<\/strong><\/li><li><strong>Matrikelnummer<\/strong><\/li><li><strong>Studienfach<\/strong><\/li><li><strong>Semesteranzahl<\/strong><\/li><li><strong>Kursbezeichnung<\/strong><\/li><\/ul><\/td>\n<\/tr>\n<\/tbody>\n<\/table>\n<\/p>\t\t\t\t\t\t\t\t<\/div>\n\t\t\t\t<\/div>\n\t\t\t\t\t<\/div>\n\t\t<\/div>\n\t\t\t\t\t<\/div>\n\t\t<\/section>\n\t\t\t\t<\/div>\n\t\t","protected":false},"excerpt":{"rendered":"","protected":false},"author":1,"featured_media":0,"parent":0,"menu_order":0,"comment_status":"closed","ping_status":"closed","template":"","meta":{"footnotes":""},"class_list":["post-9992","page","type-page","status-publish","hentry"],"_links":{"self":[{"href":"https:\/\/www.apf.ruhr-uni-bochum.de\/en\/wp-json\/wp\/v2\/pages\/9992","targetHints":{"allow":["GET"]}}],"collection":[{"href":"https:\/\/www.apf.ruhr-uni-bochum.de\/en\/wp-json\/wp\/v2\/pages"}],"about":[{"href":"https:\/\/www.apf.ruhr-uni-bochum.de\/en\/wp-json\/wp\/v2\/types\/page"}],"author":[{"embeddable":true,"href":"https:\/\/www.apf.ruhr-uni-bochum.de\/en\/wp-json\/wp\/v2\/users\/1"}],"replies":[{"embeddable":true,"href":"https:\/\/www.apf.ruhr-uni-bochum.de\/en\/wp-json\/wp\/v2\/comments?post=9992"}],"version-history":[{"count":0,"href":"https:\/\/www.apf.ruhr-uni-bochum.de\/en\/wp-json\/wp\/v2\/pages\/9992\/revisions"}],"wp:attachment":[{"href":"https:\/\/www.apf.ruhr-uni-bochum.de\/en\/wp-json\/wp\/v2\/media?parent=9992"}],"curies":[{"name":"wp","href":"https:\/\/api.w.org\/{rel}","templated":true}]}}