{"id":9537,"date":"2021-10-05T11:28:43","date_gmt":"2021-10-05T09:28:43","guid":{"rendered":"https:\/\/www.apf.ruhr-uni-bochum.de\/team\/daniel-lupp\/"},"modified":"2026-03-24T15:35:18","modified_gmt":"2026-03-24T13:35:18","slug":"daniel-lupp","status":"publish","type":"page","link":"https:\/\/www.apf.ruhr-uni-bochum.de\/en\/team\/daniel-lupp\/","title":{"rendered":"Thushayanthini Sivatheerthaan"},"content":{"rendered":"\t\t<div data-elementor-type=\"wp-page\" data-elementor-id=\"9537\" class=\"elementor elementor-9537 elementor-4827\">\n\t\t\t\t\t\t<section class=\"elementor-section elementor-top-section elementor-element elementor-element-fcd42ac elementor-section-boxed elementor-section-height-default elementor-section-height-default\" data-id=\"fcd42ac\" data-element_type=\"section\" data-e-type=\"section\">\n\t\t\t\t\t\t<div class=\"elementor-container elementor-column-gap-default\">\n\t\t\t\t\t<div class=\"elementor-column elementor-col-50 elementor-top-column elementor-element elementor-element-d4ca906\" data-id=\"d4ca906\" data-element_type=\"column\" data-e-type=\"column\">\n\t\t\t<div class=\"elementor-widget-wrap elementor-element-populated\">\n\t\t\t\t\t\t<div class=\"elementor-element elementor-element-c885100 elementor-widget elementor-widget-image\" data-id=\"c885100\" data-element_type=\"widget\" data-e-type=\"widget\" data-widget_type=\"image.default\">\n\t\t\t\t<div class=\"elementor-widget-container\">\n\t\t\t\t\t\t\t\t\t\t\t\t\t\t\t<img decoding=\"async\" src=\"https:\/\/www.apf.ruhr-uni-bochum.de\/wp-content\/uploads\/2025\/09\/Thushiya_Quadrat.jpg\" title=\"\" alt=\"\" loading=\"lazy\" \/>\t\t\t\t\t\t\t\t\t\t\t\t\t\t\t<\/div>\n\t\t\t\t<\/div>\n\t\t\t\t\t<\/div>\n\t\t<\/div>\n\t\t\t\t<div class=\"elementor-column elementor-col-50 elementor-top-column elementor-element elementor-element-6aabcdb\" data-id=\"6aabcdb\" data-element_type=\"column\" data-e-type=\"column\">\n\t\t\t<div class=\"elementor-widget-wrap elementor-element-populated\">\n\t\t\t\t\t\t<div class=\"elementor-element elementor-element-10ec203 elementor-widget elementor-widget-heading\" data-id=\"10ec203\" data-element_type=\"widget\" data-e-type=\"widget\" data-widget_type=\"heading.default\">\n\t\t\t\t<div class=\"elementor-widget-container\">\n\t\t\t\t\t<h1 class=\"elementor-heading-title elementor-size-default\">Thushayanthini Sivatheerthaan<\/h1>\t\t\t\t<\/div>\n\t\t\t\t<\/div>\n\t\t\t\t<div class=\"elementor-element elementor-element-6d92902 elementor-widget elementor-widget-text-editor\" data-id=\"6d92902\" data-element_type=\"widget\" data-e-type=\"widget\" data-widget_type=\"text-editor.default\">\n\t\t\t\t<div class=\"elementor-widget-container\">\n\t\t\t\t\t\t\t\t\t<p style=\"text-align: center;\"> <\/p><p style=\"text-align: center;\"><b style=\"text-align: start; color: var( --e-global-color-text ); font-family: var( --e-global-typography-text-font-family ), Sans-serif; background-color: var(--content_bg_color); font-size: var(--body_typography-font-size); font-style: var(--body_typography-font-style,normal); letter-spacing: var(--body_typography-letter-spacing);\">Scientific assistant<\/b><\/p>\t\t\t\t\t\t\t\t<\/div>\n\t\t\t\t<\/div>\n\t\t\t\t<div class=\"elementor-element elementor-element-ab5743a elementor-widget elementor-widget-text-editor\" data-id=\"ab5743a\" data-element_type=\"widget\" data-e-type=\"widget\" data-widget_type=\"text-editor.default\">\n\t\t\t\t<div class=\"elementor-widget-container\">\n\t\t\t\t\t\t\t\t\t<p><strong>Building (O-Werk):<\/strong> 27.1<\/p><p><strong>Telefon:<\/strong> (02 34) 32 &#8211; 22 124<\/p><p><strong>E-Mail: <\/strong><a href=\"mailto:Thushayanthini.Sivatheerthan@ruhr-uni-bochum.de\">Thushayanthini.Sivatheerthan@ruhr-uni-bochum.de<\/a><\/p><p><strong>Office hours<\/strong>: by arrangement<\/p>\t\t\t\t\t\t\t\t<\/div>\n\t\t\t\t<\/div>\n\t\t\t\t\t<\/div>\n\t\t<\/div>\n\t\t\t\t\t<\/div>\n\t\t<\/section>\n\t\t\t\t<section class=\"elementor-section elementor-top-section elementor-element elementor-element-e475ac3 elementor-section-boxed elementor-section-height-default elementor-section-height-default\" data-id=\"e475ac3\" data-element_type=\"section\" data-e-type=\"section\">\n\t\t\t\t\t\t<div class=\"elementor-container elementor-column-gap-default\">\n\t\t\t\t\t<div class=\"elementor-column elementor-col-100 elementor-top-column elementor-element elementor-element-054972b\" data-id=\"054972b\" data-element_type=\"column\" data-e-type=\"column\">\n\t\t\t<div class=\"elementor-widget-wrap elementor-element-populated\">\n\t\t\t\t\t\t<div class=\"elementor-element elementor-element-640b4f0 elementor-widget elementor-widget-heading\" data-id=\"640b4f0\" data-element_type=\"widget\" data-e-type=\"widget\" data-widget_type=\"heading.default\">\n\t\t\t\t<div class=\"elementor-widget-container\">\n\t\t\t\t\t<h2 class=\"elementor-heading-title elementor-size-default\">Publications<\/h2>\t\t\t\t<\/div>\n\t\t\t\t<\/div>\n\t\t\t\t<div class=\"elementor-element elementor-element-bb587f0 elementor-widget elementor-widget-heading\" data-id=\"bb587f0\" data-element_type=\"widget\" data-e-type=\"widget\" data-widget_type=\"heading.default\">\n\t\t\t\t<div class=\"elementor-widget-container\">\n\t\t\t\t\t<h2 class=\"elementor-heading-title elementor-size-default\">Courses<\/h2>\t\t\t\t<\/div>\n\t\t\t\t<\/div>\n\t\t\t\t<div class=\"elementor-element elementor-element-21d4408 elementor-widget elementor-widget-text-editor\" data-id=\"21d4408\" data-element_type=\"widget\" data-e-type=\"widget\" data-widget_type=\"text-editor.default\">\n\t\t\t\t<div class=\"elementor-widget-container\">\n\t\t\t\t\t\t\t\t\t<ul><li><span style=\"font-size: 17.6px;\">Empiricism in companies<\/span><\/li><li><span style=\"font-size: 17.6px;\">Organisation, Personal, F\u00fchrung<\/span><\/li><\/ul>\t\t\t\t\t\t\t\t<\/div>\n\t\t\t\t<\/div>\n\t\t\t\t<div class=\"elementor-element elementor-element-993814d elementor-widget elementor-widget-heading\" data-id=\"993814d\" data-element_type=\"widget\" data-e-type=\"widget\" data-widget_type=\"heading.default\">\n\t\t\t\t<div class=\"elementor-widget-container\">\n\t\t\t\t\t<h2 class=\"elementor-heading-title elementor-size-default\">Monographs \/ Referenced journal articles \/ Contributions to edited volumes \/ Refereed conference papers<\/h2>\t\t\t\t<\/div>\n\t\t\t\t<\/div>\n\t\t\t\t<div class=\"elementor-element elementor-element-d70ed59 elementor-widget elementor-widget-text-editor\" data-id=\"d70ed59\" data-element_type=\"widget\" data-e-type=\"widget\" data-widget_type=\"text-editor.default\">\n\t\t\t\t<div class=\"elementor-widget-container\">\n\t\t\t\t\t\t\t\t\t<div><ul><li><a href=\"https:\/\/orcid.org\/0009-0009-2808-7236\" target=\"_blank\" rel=\"noopener\">Orcid<\/a><\/li><\/ul><h4 style=\"margin-top: var(--h4_typography-margin-top); margin-bottom: var(--h4_typography-margin-bottom); font-family: var(--h4_typography-font-family); font-weight: var(--h4_typography-font-weight); line-height: var(--h4_typography-line-height); letter-spacing: var(--h4_typography-letter-spacing); text-transform: none; font-style: normal; font-size: var(--h4_typography-font-size);\">2023<\/h4><\/div><ul><li><p class=\"v1MsoNormal\">Mayer, C., <strong>Sivatheerthan, T.<\/strong>, M\u00fctze-Niew\u00f6hner, S., &amp; Nitsch, V. (2023). Sharing leadership behaviors in virtual teams: Effects of shared leadership behaviors on team member satisfaction and productivity. <i>Team Performance Management: An International Journal<\/i>, <i>29<\/i>(1\/2), 90-112.<\/p><\/li><\/ul><h4 style=\"margin-top: var(--h4_typography-margin-top); margin-bottom: var(--h4_typography-margin-bottom); font-family: var(--h4_typography-font-family); font-weight: var(--h4_typography-font-weight); line-height: var(--h4_typography-line-height); letter-spacing: var(--h4_typography-letter-spacing); text-transform: none; font-style: normal; font-size: var(--h4_typography-font-size);\">2022<\/h4><ul><li>Mayer, C., Schirmer, M., &amp; <strong>Sivatheerthan, T.<\/strong> (2022). Influence Managers&#8217; Decision to Involve Employees?. <i>Human Factors in Management and Leadership<\/i>, <i>55<\/i>, 53.<\/li><\/ul><h4 style=\"margin-top: var(--h4_typography-margin-top); margin-bottom: var(--h4_typography-margin-bottom); font-family: var(--h4_typography-font-family); font-weight: var(--h4_typography-font-weight); line-height: var(--h4_typography-line-height); letter-spacing: var(--h4_typography-letter-spacing); text-transform: none; font-style: normal; font-size: var(--h4_typography-font-size);\">2021<\/h4><ul><li><p class=\"v1MsoNormal\">Mayer, C., <strong>Sivatheerthan, T.<\/strong>, Mutze-Niew\u00f6hner, S., &amp; Nitsch, V. (2021). Herausforderungen virtueller F\u00fchrung in Unternehmen: Ableitung von Anforderungen an aufgaben-und beziehungsorientierte F\u00fchrungsverhaltensweisen. <i>Challenges of virtual leadership in organizations: Deriving requirements for task-and relations-oriented leadership behavior]&#8221;, in Gesellschaft f\u00fcr Arbeitswissenschaft eV (Ed.), Arbeit HumAIne gestalten, GfA-Press, Dortmund<\/i>.<\/p><\/li><\/ul>\t\t\t\t\t\t\t\t<\/div>\n\t\t\t\t<\/div>\n\t\t\t\t\t<\/div>\n\t\t<\/div>\n\t\t\t\t\t<\/div>\n\t\t<\/section>\n\t\t\t\t<section class=\"elementor-section elementor-top-section elementor-element elementor-element-59b9021 elementor-section-boxed elementor-section-height-default elementor-section-height-default\" data-id=\"59b9021\" data-element_type=\"section\" data-e-type=\"section\">\n\t\t\t\t\t\t<div class=\"elementor-container elementor-column-gap-default\">\n\t\t\t\t\t<div class=\"elementor-column elementor-col-100 elementor-top-column elementor-element elementor-element-a6d953c\" data-id=\"a6d953c\" data-element_type=\"column\" data-e-type=\"column\">\n\t\t\t<div class=\"elementor-widget-wrap elementor-element-populated\">\n\t\t\t\t\t\t<div class=\"elementor-element elementor-element-5a20321 elementor-widget elementor-widget-heading\" data-id=\"5a20321\" data-element_type=\"widget\" data-e-type=\"widget\" data-widget_type=\"heading.default\">\n\t\t\t\t<div class=\"elementor-widget-container\">\n\t\t\t\t\t<h2 class=\"elementor-heading-title elementor-size-default\">Lectures<\/h2>\t\t\t\t<\/div>\n\t\t\t\t<\/div>\n\t\t\t\t\t<\/div>\n\t\t<\/div>\n\t\t\t\t\t<\/div>\n\t\t<\/section>\n\t\t\t\t<section class=\"elementor-section elementor-top-section elementor-element elementor-element-c677026 elementor-section-boxed elementor-section-height-default elementor-section-height-default\" data-id=\"c677026\" data-element_type=\"section\" data-e-type=\"section\">\n\t\t\t\t\t\t<div class=\"elementor-container elementor-column-gap-default\">\n\t\t\t\t\t<div class=\"elementor-column elementor-col-100 elementor-top-column elementor-element elementor-element-372d10b\" data-id=\"372d10b\" data-element_type=\"column\" data-e-type=\"column\">\n\t\t\t<div class=\"elementor-widget-wrap elementor-element-populated\">\n\t\t\t\t\t\t<div class=\"elementor-element elementor-element-1d4d51f elementor-widget elementor-widget-text-editor\" data-id=\"1d4d51f\" data-element_type=\"widget\" data-e-type=\"widget\" data-widget_type=\"text-editor.default\">\n\t\t\t\t<div class=\"elementor-widget-container\">\n\t\t\t\t\t\t\t\t\t<h4>2026<\/h4>\n<ul>\n<li><strong>Sivatheerthan, T.<\/strong> (2026). Wie KI Kritisches Denken in Teams ver\u00e4ndert \u2013 Eine experimentelle Studie. Beitrag pr\u00e4sentiert bei der Doktorandenwerkstatt des 72. Fr\u00fchjahrskongresses der Gesellschaft f\u00fcr Arbeitswissenschaft (GfA), Universit\u00e4t Kassel, Kassel, Deutschland.<\/li>\n<\/ul>\t\t\t\t\t\t\t\t<\/div>\n\t\t\t\t<\/div>\n\t\t\t\t\t<\/div>\n\t\t<\/div>\n\t\t\t\t\t<\/div>\n\t\t<\/section>\n\t\t\t\t<\/div>\n\t\t","protected":false},"excerpt":{"rendered":"<p>Thushayanthini Sivatheerthaan Scientific assistant Building (O-Werk): 27.1 Telefon: (02 34) 32 &#8211; 22 124 E-Mail: Thushayanthini.Sivatheerthan@ruhr-uni-bochum.de Office hours: by arrangement Publications Courses Empiricism in companies Organisation, Personal, F\u00fchrung Monographs \/ Referenced journal articles \/ Contributions to edited volumes \/ <a href=\"https:\/\/www.apf.ruhr-uni-bochum.de\/en\/team\/daniel-lupp\/\"> [&#8230;]<\/a><\/p>\n","protected":false},"author":1,"featured_media":0,"parent":8681,"menu_order":0,"comment_status":"closed","ping_status":"closed","template":"","meta":{"footnotes":""},"class_list":["post-9537","page","type-page","status-publish","hentry"],"_links":{"self":[{"href":"https:\/\/www.apf.ruhr-uni-bochum.de\/en\/wp-json\/wp\/v2\/pages\/9537","targetHints":{"allow":["GET"]}}],"collection":[{"href":"https:\/\/www.apf.ruhr-uni-bochum.de\/en\/wp-json\/wp\/v2\/pages"}],"about":[{"href":"https:\/\/www.apf.ruhr-uni-bochum.de\/en\/wp-json\/wp\/v2\/types\/page"}],"author":[{"embeddable":true,"href":"https:\/\/www.apf.ruhr-uni-bochum.de\/en\/wp-json\/wp\/v2\/users\/1"}],"replies":[{"embeddable":true,"href":"https:\/\/www.apf.ruhr-uni-bochum.de\/en\/wp-json\/wp\/v2\/comments?post=9537"}],"version-history":[{"count":6,"href":"https:\/\/www.apf.ruhr-uni-bochum.de\/en\/wp-json\/wp\/v2\/pages\/9537\/revisions"}],"predecessor-version":[{"id":13409,"href":"https:\/\/www.apf.ruhr-uni-bochum.de\/en\/wp-json\/wp\/v2\/pages\/9537\/revisions\/13409"}],"up":[{"embeddable":true,"href":"https:\/\/www.apf.ruhr-uni-bochum.de\/en\/wp-json\/wp\/v2\/pages\/8681"}],"wp:attachment":[{"href":"https:\/\/www.apf.ruhr-uni-bochum.de\/en\/wp-json\/wp\/v2\/media?parent=9537"}],"curies":[{"name":"wp","href":"https:\/\/api.w.org\/{rel}","templated":true}]}}