{"id":8842,"date":"2020-06-18T12:45:31","date_gmt":"2020-06-18T10:45:31","guid":{"rendered":"https:\/\/www.apf.ruhr-uni-bochum.de\/contact\/"},"modified":"2025-03-02T17:39:58","modified_gmt":"2025-03-02T15:39:58","slug":"contact","status":"publish","type":"page","link":"https:\/\/www.apf.ruhr-uni-bochum.de\/en\/contact\/","title":{"rendered":"Contact"},"content":{"rendered":"\t\t<div data-elementor-type=\"wp-page\" data-elementor-id=\"8842\" class=\"elementor elementor-8842 elementor-297\">\n\t\t\t\t\t\t<section class=\"elementor-section elementor-top-section elementor-element elementor-element-6da8c60f elementor-section-boxed elementor-section-height-default elementor-section-height-default\" data-id=\"6da8c60f\" data-element_type=\"section\" data-e-type=\"section\">\n\t\t\t\t\t\t<div class=\"elementor-container elementor-column-gap-default\">\n\t\t\t\t\t<div class=\"elementor-column elementor-col-50 elementor-top-column elementor-element elementor-element-64b39d66\" data-id=\"64b39d66\" data-element_type=\"column\" data-e-type=\"column\">\n\t\t\t<div class=\"elementor-widget-wrap elementor-element-populated\">\n\t\t\t\t\t\t<div class=\"elementor-element elementor-element-8c0009b elementor-widget elementor-widget-heading\" data-id=\"8c0009b\" data-element_type=\"widget\" data-e-type=\"widget\" data-widget_type=\"heading.default\">\n\t\t\t\t<div class=\"elementor-widget-container\">\n\t\t\t\t\t<h2 class=\"elementor-heading-title elementor-size-default\">Contact person<\/h2>\t\t\t\t<\/div>\n\t\t\t\t<\/div>\n\t\t\t\t<div class=\"elementor-element elementor-element-c7a6d9d elementor-widget elementor-widget-image\" data-id=\"c7a6d9d\" data-element_type=\"widget\" data-e-type=\"widget\" data-widget_type=\"image.default\">\n\t\t\t\t<div class=\"elementor-widget-container\">\n\t\t\t\t\t\t\t\t\t\t\t\t\t\t\t<img fetchpriority=\"high\" decoding=\"async\" width=\"1024\" height=\"1024\" src=\"https:\/\/www.apf.ruhr-uni-bochum.de\/wp-content\/uploads\/2024\/11\/25-Quadrat-1024x1024.jpg\" class=\"attachment-large size-large wp-image-11364\" alt=\"\" srcset=\"https:\/\/www.apf.ruhr-uni-bochum.de\/wp-content\/uploads\/2024\/11\/25-Quadrat-66x66.jpg 66w, https:\/\/www.apf.ruhr-uni-bochum.de\/wp-content\/uploads\/2024\/11\/25-Quadrat-150x150.jpg 150w, https:\/\/www.apf.ruhr-uni-bochum.de\/wp-content\/uploads\/2024\/11\/25-Quadrat-200x200.jpg 200w, https:\/\/www.apf.ruhr-uni-bochum.de\/wp-content\/uploads\/2024\/11\/25-Quadrat-300x300.jpg 300w, https:\/\/www.apf.ruhr-uni-bochum.de\/wp-content\/uploads\/2024\/11\/25-Quadrat-400x400.jpg 400w, https:\/\/www.apf.ruhr-uni-bochum.de\/wp-content\/uploads\/2024\/11\/25-Quadrat-600x600.jpg 600w, https:\/\/www.apf.ruhr-uni-bochum.de\/wp-content\/uploads\/2024\/11\/25-Quadrat-768x768.jpg 768w, https:\/\/www.apf.ruhr-uni-bochum.de\/wp-content\/uploads\/2024\/11\/25-Quadrat-800x800.jpg 800w, https:\/\/www.apf.ruhr-uni-bochum.de\/wp-content\/uploads\/2024\/11\/25-Quadrat-1024x1024.jpg 1024w, https:\/\/www.apf.ruhr-uni-bochum.de\/wp-content\/uploads\/2024\/11\/25-Quadrat-1200x1200.jpg 1200w, https:\/\/www.apf.ruhr-uni-bochum.de\/wp-content\/uploads\/2024\/11\/25-Quadrat-1536x1536.jpg 1536w\" sizes=\"(max-width: 1024px) 100vw, 1024px\" \/>\t\t\t\t\t\t\t\t\t\t\t\t\t\t\t<\/div>\n\t\t\t\t<\/div>\n\t\t\t\t<div class=\"elementor-element elementor-element-3a6d72a elementor-widget elementor-widget-text-editor\" data-id=\"3a6d72a\" data-element_type=\"widget\" data-e-type=\"widget\" data-widget_type=\"text-editor.default\">\n\t\t\t\t<div class=\"elementor-widget-container\">\n\t\t\t\t\t\t\t\t\t<p style=\"text-align: center;\">Timo Uesbeck<\/p>\n\t\t\t\t\t\t\t\t<\/div>\n\t\t\t\t<\/div>\n\t\t\t\t\t<\/div>\n\t\t<\/div>\n\t\t\t\t<div class=\"elementor-column elementor-col-50 elementor-top-column elementor-element elementor-element-63a67fef\" data-id=\"63a67fef\" data-element_type=\"column\" data-e-type=\"column\">\n\t\t\t<div class=\"elementor-widget-wrap elementor-element-populated\">\n\t\t\t\t\t\t<div class=\"elementor-element elementor-element-3e49cd2 elementor-view-default elementor-position-block-start elementor-mobile-position-block-start elementor-widget elementor-widget-icon-box\" data-id=\"3e49cd2\" data-element_type=\"widget\" data-e-type=\"widget\" data-widget_type=\"icon-box.default\">\n\t\t\t\t<div class=\"elementor-widget-container\">\n\t\t\t\t\t\t\t<div class=\"elementor-icon-box-wrapper\">\n\n\t\t\t\t\t\t<div class=\"elementor-icon-box-icon\">\n\t\t\t\t<span  class=\"elementor-icon elementor-animation-bob\">\n\t\t\t\t<i aria-hidden=\"true\" class=\"fas fa-phone\"><\/i>\t\t\t\t<\/span>\n\t\t\t<\/div>\n\t\t\t\n\t\t\t\t\t\t<div class=\"elementor-icon-box-content\">\n\n\t\t\t\t\n\t\t\t\t\t\t\t\t\t<p class=\"elementor-icon-box-description\">\n\t\t\t\t\t\tPhone: +49 234 32-27876<br>Fax: +49 234 32-14207\t\t\t\t\t<\/p>\n\t\t\t\t\n\t\t\t<\/div>\n\t\t\t\n\t\t<\/div>\n\t\t\t\t\t\t<\/div>\n\t\t\t\t<\/div>\n\t\t\t\t<div class=\"elementor-element elementor-element-58ac92c8 elementor-view-default elementor-position-block-start elementor-mobile-position-block-start elementor-widget elementor-widget-icon-box\" data-id=\"58ac92c8\" data-element_type=\"widget\" data-e-type=\"widget\" data-widget_type=\"icon-box.default\">\n\t\t\t\t<div class=\"elementor-widget-container\">\n\t\t\t\t\t\t\t<div class=\"elementor-icon-box-wrapper\">\n\n\t\t\t\t\t\t<div class=\"elementor-icon-box-icon\">\n\t\t\t\t<span  class=\"elementor-icon elementor-animation-bob\">\n\t\t\t\t<i aria-hidden=\"true\" class=\"fas fa-at\"><\/i>\t\t\t\t<\/span>\n\t\t\t<\/div>\n\t\t\t\n\t\t\t\t\t\t<div class=\"elementor-icon-box-content\">\n\n\t\t\t\t\n\t\t\t\t\t\t\t\t\t<p class=\"elementor-icon-box-description\">\n\t\t\t\t\t\tls-apf@rub.de\t\t\t\t\t<\/p>\n\t\t\t\t\n\t\t\t<\/div>\n\t\t\t\n\t\t<\/div>\n\t\t\t\t\t\t<\/div>\n\t\t\t\t<\/div>\n\t\t\t\t<div class=\"elementor-element elementor-element-386c34cb elementor-view-default elementor-position-block-start elementor-mobile-position-block-start elementor-widget elementor-widget-icon-box\" data-id=\"386c34cb\" data-element_type=\"widget\" data-e-type=\"widget\" data-widget_type=\"icon-box.default\">\n\t\t\t\t<div class=\"elementor-widget-container\">\n\t\t\t\t\t\t\t<div class=\"elementor-icon-box-wrapper\">\n\n\t\t\t\t\t\t<div class=\"elementor-icon-box-icon\">\n\t\t\t\t<span  class=\"elementor-icon elementor-animation-bob\">\n\t\t\t\t<i aria-hidden=\"true\" class=\"fas fa-location-arrow\"><\/i>\t\t\t\t<\/span>\n\t\t\t<\/div>\n\t\t\t\n\t\t\t\t\t\t<div class=\"elementor-icon-box-content\">\n\n\t\t\t\t\n\t\t\t\t\t\t\t\t\t<p class=\"elementor-icon-box-description\">\n\t\t\t\t\t\tRuhr University Bochum<br>Chair of Work, Human Resources and Leadership<br><br>O-Werk<br>Suttner-Nobel-Allee 4<br>44803 Bochum<br>\t\t\t\t\t<\/p>\n\t\t\t\t\n\t\t\t<\/div>\n\t\t\t\n\t\t<\/div>\n\t\t\t\t\t\t<\/div>\n\t\t\t\t<\/div>\n\t\t\t\t\t<\/div>\n\t\t<\/div>\n\t\t\t\t\t<\/div>\n\t\t<\/section>\n\t\t\t\t<section class=\"elementor-section elementor-top-section elementor-element elementor-element-5632ff3d elementor-section-boxed elementor-section-height-default elementor-section-height-default\" data-id=\"5632ff3d\" data-element_type=\"section\" data-e-type=\"section\">\n\t\t\t\t\t\t<div class=\"elementor-container elementor-column-gap-default\">\n\t\t\t\t\t<div class=\"elementor-column elementor-col-100 elementor-top-column elementor-element elementor-element-63053a92\" data-id=\"63053a92\" data-element_type=\"column\" data-e-type=\"column\">\n\t\t\t<div class=\"elementor-widget-wrap elementor-element-populated\">\n\t\t\t\t\t\t<div class=\"elementor-element elementor-element-3d76de12 elementor-widget-divider--view-line elementor-widget elementor-widget-divider\" data-id=\"3d76de12\" data-element_type=\"widget\" data-e-type=\"widget\" data-widget_type=\"divider.default\">\n\t\t\t\t<div class=\"elementor-widget-container\">\n\t\t\t\t\t\t\t<div class=\"elementor-divider\">\n\t\t\t<span class=\"elementor-divider-separator\">\n\t\t\t\t\t\t<\/span>\n\t\t<\/div>\n\t\t\t\t\t\t<\/div>\n\t\t\t\t<\/div>\n\t\t\t\t<div class=\"elementor-element elementor-element-0282e3a elementor-widget elementor-widget-heading\" data-id=\"0282e3a\" data-element_type=\"widget\" data-e-type=\"widget\" data-widget_type=\"heading.default\">\n\t\t\t\t<div class=\"elementor-widget-container\">\n\t\t\t\t\t<h2 class=\"elementor-heading-title elementor-size-default\">Get in touch with us!<\/h2>\t\t\t\t<\/div>\n\t\t\t\t<\/div>\n\t\t\t\t<div class=\"elementor-element elementor-element-7bace3ee elementor-widget elementor-widget-shortcode\" data-id=\"7bace3ee\" data-element_type=\"widget\" data-e-type=\"widget\" data-widget_type=\"shortcode.default\">\n\t\t\t\t<div class=\"elementor-widget-container\">\n\t\t\t\t\t\t\t<div class=\"elementor-shortcode\"><div class=\"caldera-grid\" id=\"caldera_form_1\" data-cf-ver=\"1.9.6\" data-cf-form-id=\"CF602bc1013472d\"><div id=\"caldera_notices_1\" data-spinner=\"https:\/\/www.apf.ruhr-uni-bochum.de\/wp-admin\/images\/spinner.gif\"><\/div><form data-instance=\"1\" class=\"CF602bc1013472d caldera_forms_form cfajax-trigger\" method=\"POST\" enctype=\"multipart\/form-data\" id=\"CF602bc1013472d_1\" data-form-id=\"CF602bc1013472d\" aria-label=\"Kontakt\" data-target=\"#caldera_notices_1\" data-template=\"#cfajax_CF602bc1013472d-tmpl\" data-cfajax=\"CF602bc1013472d\" data-load-element=\"_parent\" data-load-class=\"cf_processing\" data-post-disable=\"0\" data-action=\"cf_process_ajax_submit\" data-request=\"https:\/\/www.apf.ruhr-uni-bochum.de\/en\/\/cf-api\/CF602bc1013472d\" data-hiderows=\"true\">\r\n<input type=\"hidden\" id=\"_cf_verify_CF602bc1013472d\" name=\"_cf_verify\" value=\"490d9ae850\"  data-nonce-time=\"1776100412\" \/><input type=\"hidden\" name=\"_wp_http_referer\" value=\"\/en\/wp-json\/wp\/v2\/pages\/8842\" \/><div id=\"cf2-CF602bc1013472d_1\"><\/div><input type=\"hidden\" name=\"_cf_frm_id\" value=\"CF602bc1013472d\">\r\n<input type=\"hidden\" name=\"_cf_frm_ct\" value=\"1\">\r\n<input type=\"hidden\" name=\"cfajax\" value=\"CF602bc1013472d\">\r\n<input type=\"hidden\" name=\"_cf_cr_pst\" value=\"8842\">\r\n<div class=\"hide\" style=\"display:none; overflow:hidden;height:0;width:0;\">\r\n<label>Twitter<\/label><input type=\"text\" name=\"twitter\" value=\"\" autocomplete=\"off\">\r\n<\/div><div id=\"CF602bc1013472d_1-row-1\"  class=\"row  first_row\"><div  class=\"col-sm-6  first_col\"><div data-field-wrapper=\"fld_8768091\" class=\"form-group\" id=\"fld_8768091_1-wrap\">\r\n\t<label id=\"fld_8768091Label\" for=\"fld_8768091_1\" class=\"control-label\">Vorname <span aria-hidden=\"true\" role=\"presentation\" class=\"field_required\" style=\"color:#ee0000;\">*<\/span><\/label>\r\n\t<div class=\"\">\r\n\t\t<input   required type=\"text\" data-field=\"fld_8768091\" class=\" form-control\" id=\"fld_8768091_1\" name=\"fld_8768091\" value=\"\" data-type=\"text\" aria-required=\"true\"   aria-labelledby=\"fld_8768091Label\" >\t\t\t<\/div>\r\n<\/div>\r\n<\/div><div  class=\"col-sm-6  last_col\"><div data-field-wrapper=\"fld_9970286\" class=\"form-group\" id=\"fld_9970286_1-wrap\">\r\n\t<label id=\"fld_9970286Label\" for=\"fld_9970286_1\" class=\"control-label\">Nachname <span aria-hidden=\"true\" role=\"presentation\" class=\"field_required\" style=\"color:#ee0000;\">*<\/span><\/label>\r\n\t<div class=\"\">\r\n\t\t<input   required type=\"text\" data-field=\"fld_9970286\" class=\" form-control\" id=\"fld_9970286_1\" name=\"fld_9970286\" value=\"\" data-type=\"text\" aria-required=\"true\"   aria-labelledby=\"fld_9970286Label\" >\t\t\t<\/div>\r\n<\/div>\r\n<\/div><\/div><div id=\"CF602bc1013472d_1-row-2\"  class=\"row \"><div  class=\"col-sm-12  single\"><div data-field-wrapper=\"fld_6009157\" class=\"form-group\" id=\"fld_6009157_1-wrap\">\r\n\t<label id=\"fld_6009157Label\" for=\"fld_6009157_1\" class=\"control-label\">E-Mail <span aria-hidden=\"true\" role=\"presentation\" class=\"field_required\" style=\"color:#ee0000;\">*<\/span><\/label>\r\n\t<div class=\"\">\r\n\t\t<input   required type=\"email\" data-field=\"fld_6009157\" class=\" form-control\" id=\"fld_6009157_1\" name=\"fld_6009157\" value=\"\" data-type=\"email\" aria-required=\"true\"   aria-labelledby=\"fld_6009157Label\" >\t\t\t<\/div>\r\n<\/div>\r\n<\/div><\/div><div id=\"CF602bc1013472d_1-row-3\"  class=\"row \"><div  class=\"col-sm-12  single\"><div data-field-wrapper=\"fld_7683514\" class=\"form-group\" id=\"fld_7683514_1-wrap\">\r\n\t<label id=\"fld_7683514Label\" for=\"fld_7683514_1\" class=\"control-label\">Nachricht <span aria-hidden=\"true\" role=\"presentation\" class=\"field_required\" style=\"color:#ee0000;\">*<\/span><\/label>\r\n\t<div class=\"\">\r\n\t\t<textarea name=\"fld_7683514\" value=\"\" data-field=\"fld_7683514\" class=\"form-control\" id=\"fld_7683514_1\" rows=\"7\"  required=\"required\"  aria-labelledby=\"fld_7683514Label\" ><\/textarea>\n\t\t\t<\/div>\r\n<\/div>\r\n<\/div><\/div><div id=\"CF602bc1013472d_1-row-4\"  class=\"row \"><div  class=\"col-sm-12  single\"><div data-field-wrapper=\"fld_8529699\" class=\"form-group\" id=\"fld_8529699_1-wrap\">\r\n\t<label id=\"fld_8529699Label\" for=\"fld_8529699_1\" class=\"control-label\">Datenschutz <span aria-hidden=\"true\" role=\"presentation\" class=\"field_required\" style=\"color:#ee0000;\">*<\/span><\/label>\r\n\t<div class=\"\">\r\n\t\t\t\t\t\t\t\t\t\t\t<div class=\"checkbox\">\n\t\t\t\t\n                <label                         for=\"fld_8529699_1_opt1654636\"\n                >\n                            <input\n                                data-parsley-required=\"true\" data-parsley-group=\"fld_8529699_1\" data-parsley-multiple=\"fld_8529699_1\"                                type=\"checkbox\"\n                                data-label=\"Ich willige ein, dass ich vom APF per-E-Mail kontaktiert werden darf. Ich habe die Datenschutzerkl\u00e4rung gelesen und stimme dieser zu. Sie k\u00f6nnen jederzeit die L\u00f6schung der gesendeten Daten beantragen.\"\n                                data-field=\"fld_8529699\"\n                                id=\"fld_8529699_1_opt1654636\"\n                                class=\"fld_8529699_1 option-required\"\n                                name=\"fld_8529699[opt1654636]\"\n                                value=\"Ich willige ein, dass ich vom APF per-E-Mail kontaktiert werden darf. Ich habe die Datenschutzerkl\u00e4rung gelesen und stimme dieser zu. Sie k\u00f6nnen jederzeit die L\u00f6schung der gesendeten Daten beantragen.\"\n                                                                data-type=\"checkbox\"\n                                data-checkbox-field=\"fld_8529699_1\"\n                                                                data-calc-value=\"Ich willige ein, dass ich vom APF per-E-Mail kontaktiert werden darf. Ich habe die Datenschutzerkl\u00e4rung gelesen und stimme dieser zu. Sie k\u00f6nnen jederzeit die L\u00f6schung der gesendeten Daten beantragen.\"\n                            >\n                    Ich willige ein, dass ich vom APF per-E-Mail kontaktiert werden darf. Ich habe die Datenschutzerkl\u00e4rung gelesen und stimme dieser zu. Sie k\u00f6nnen jederzeit die L\u00f6schung der gesendeten Daten beantragen.                <\/label>\n\n                \t\t\t\t\t<\/div>\n\t\t\t\t\t\t\t\t\t\t\t<\/div>\r\n<\/div>\r\n<\/div><\/div><div id=\"CF602bc1013472d_1-row-5\"  class=\"row  last_row\"><div  class=\"col-sm-12  single\"><div data-field-wrapper=\"fld_7908577\" class=\"form-group\" id=\"fld_7908577_1-wrap\">\r\n<div class=\"\">\r\n\t<input  class=\"btn btn-default\" type=\"submit\" name=\"fld_7908577\" id=\"fld_7908577_1\" value=\"Abschicken\" data-field=\"fld_7908577\"  >\n<\/div>\r\n<\/div>\r\n\t<input class=\"button_trigger_1\" type=\"hidden\" name=\"fld_7908577\" id=\"fld_7908577_1_btn\" value=\"\" data-field=\"fld_7908577\"  \/>\n<\/div><\/div><\/form>\r\n<\/div>\r\n<\/div>\n\t\t\t\t\t\t<\/div>\n\t\t\t\t<\/div>\n\t\t\t\t<div class=\"elementor-element elementor-element-19cd3a18 elementor-widget elementor-widget-spacer\" data-id=\"19cd3a18\" data-element_type=\"widget\" data-e-type=\"widget\" data-widget_type=\"spacer.default\">\n\t\t\t\t<div class=\"elementor-widget-container\">\n\t\t\t\t\t\t\t<div class=\"elementor-spacer\">\n\t\t\t<div class=\"elementor-spacer-inner\"><\/div>\n\t\t<\/div>\n\t\t\t\t\t\t<\/div>\n\t\t\t\t<\/div>\n\t\t\t\t<div class=\"elementor-element elementor-element-61472d35 elementor-widget-divider--view-line elementor-widget elementor-widget-divider\" data-id=\"61472d35\" data-element_type=\"widget\" data-e-type=\"widget\" data-widget_type=\"divider.default\">\n\t\t\t\t<div class=\"elementor-widget-container\">\n\t\t\t\t\t\t\t<div class=\"elementor-divider\">\n\t\t\t<span class=\"elementor-divider-separator\">\n\t\t\t\t\t\t<\/span>\n\t\t<\/div>\n\t\t\t\t\t\t<\/div>\n\t\t\t\t<\/div>\n\t\t\t\t<div class=\"elementor-element elementor-element-62e3a83d elementor-widget elementor-widget-text-editor\" data-id=\"62e3a83d\" data-element_type=\"widget\" data-e-type=\"widget\" data-widget_type=\"text-editor.default\">\n\t\t\t\t<div class=\"elementor-widget-container\">\n\t\t\t\t\t\t\t\t\t<p><span style=\"font-size: 17.6px;\"><b>Chair management<br \/><\/b><\/span>Prof. Dr. Uta Wilkens<br \/>O-Werk, EG 25.1<br \/>Tel. 0234 \/ 32-27876<br \/>E-mail: <a href=\"mailto:Uta.Wilkens@rub.de\">Uta.Wilkens@rub.de<\/a> <\/p>\n<p><strong>Postal address<\/strong><br \/>Ruhr-Universit\u00e4t Bochum<br \/>Lehrstuhl Arbeit, Personal und F\u00fchrung<br \/>O-Werk EG 24.1<br \/>Universit\u00e4tsstr.150 <br \/>44801 Bochum<\/p>\n\t\t\t\t\t\t\t\t<\/div>\n\t\t\t\t<\/div>\n\t\t\t\t<div class=\"elementor-element elementor-element-7363974b elementor-widget-divider--view-line elementor-widget elementor-widget-divider\" data-id=\"7363974b\" data-element_type=\"widget\" data-e-type=\"widget\" data-widget_type=\"divider.default\">\n\t\t\t\t<div class=\"elementor-widget-container\">\n\t\t\t\t\t\t\t<div class=\"elementor-divider\">\n\t\t\t<span class=\"elementor-divider-separator\">\n\t\t\t\t\t\t<\/span>\n\t\t<\/div>\n\t\t\t\t\t\t<\/div>\n\t\t\t\t<\/div>\n\t\t\t\t<div class=\"elementor-element elementor-element-7b81cd67 elementor-widget elementor-widget-text-editor\" data-id=\"7b81cd67\" data-element_type=\"widget\" data-e-type=\"widget\" data-widget_type=\"text-editor.default\">\n\t\t\t\t<div class=\"elementor-widget-container\">\n\t\t\t\t\t\t\t\t\t<p><strong>Visitor address<\/strong><\/p>\n<p>O-Werk<br \/>Nobel-Suttner-Allee 4<br \/>Ground floor<br \/>44803 Bochum<\/p>\n<p><strong>Arrival by public transport<\/strong><\/p>\n<p>From the main station, take streetcar 302 in the direction of BO-Laer O-Werk.<\/p>\n<p>Get off at the &#8220;O-Werk&#8221; stop.<\/p>\n<p><strong>Approach by car<\/strong><\/p>\n<p>The fastest way to reach us is via the A 43 or the A40, then onto the 448 (Nordhausen-Ring). Drive onto Opelring and take the first exit. The offices of the Chair of Labor, Human Resources and Leadership are located on the right-hand side of the main entrance on the first floor.<\/p>\n\t\t\t\t\t\t\t\t<\/div>\n\t\t\t\t<\/div>\n\t\t\t\t\t<\/div>\n\t\t<\/div>\n\t\t\t\t\t<\/div>\n\t\t<\/section>\n\t\t\t\t<\/div>\n\t\t","protected":false},"excerpt":{"rendered":"<p>Contact person Timo Uesbeck Phone: +49 234 32-27876Fax: +49 234 32-14207 ls-apf@rub.de Ruhr University BochumChair of Work, Human Resources and Leadership O-WerkSuttner-Nobel-Allee 444803 Bochum Get in touch with us! Chair managementProf. Dr. Uta WilkensO-Werk, EG 25.1Tel. 0234 \/ 32-27876E-mail: <a href=\"https:\/\/www.apf.ruhr-uni-bochum.de\/en\/contact\/\"> [&#8230;]<\/a><\/p>\n","protected":false},"author":1,"featured_media":0,"parent":0,"menu_order":0,"comment_status":"closed","ping_status":"closed","template":"","meta":{"footnotes":""},"class_list":["post-8842","page","type-page","status-publish","hentry"],"_links":{"self":[{"href":"https:\/\/www.apf.ruhr-uni-bochum.de\/en\/wp-json\/wp\/v2\/pages\/8842","targetHints":{"allow":["GET"]}}],"collection":[{"href":"https:\/\/www.apf.ruhr-uni-bochum.de\/en\/wp-json\/wp\/v2\/pages"}],"about":[{"href":"https:\/\/www.apf.ruhr-uni-bochum.de\/en\/wp-json\/wp\/v2\/types\/page"}],"author":[{"embeddable":true,"href":"https:\/\/www.apf.ruhr-uni-bochum.de\/en\/wp-json\/wp\/v2\/users\/1"}],"replies":[{"embeddable":true,"href":"https:\/\/www.apf.ruhr-uni-bochum.de\/en\/wp-json\/wp\/v2\/comments?post=8842"}],"version-history":[{"count":0,"href":"https:\/\/www.apf.ruhr-uni-bochum.de\/en\/wp-json\/wp\/v2\/pages\/8842\/revisions"}],"wp:attachment":[{"href":"https:\/\/www.apf.ruhr-uni-bochum.de\/en\/wp-json\/wp\/v2\/media?parent=8842"}],"curies":[{"name":"wp","href":"https:\/\/api.w.org\/{rel}","templated":true}]}}